{"id":1535,"date":"2025-03-14T11:37:01","date_gmt":"2025-03-14T11:37:01","guid":{"rendered":"https:\/\/innovationleaders.club\/?page_id=1535"},"modified":"2025-08-27T20:03:59","modified_gmt":"2025-08-27T20:03:59","slug":"contact","status":"publish","type":"page","link":"https:\/\/innovationleaders.club\/fr\/contact\/","title":{"rendered":"Contact"},"content":{"rendered":"<p>[et_pb_section fb_built=&#8221;1&#8243; _builder_version=&#8221;4.27.4&#8243; _module_preset=&#8221;default&#8221; background_color=&#8221;#22779e&#8221; global_colors_info=&#8221;{}&#8221;][et_pb_row _builder_version=&#8221;4.27.4&#8243; _module_preset=&#8221;default&#8221; global_colors_info=&#8221;{}&#8221;][et_pb_column type=&#8221;4_4&#8243; _builder_version=&#8221;4.27.4&#8243; _module_preset=&#8221;default&#8221; global_colors_info=&#8221;{}&#8221;][et_pb_text _builder_version=&#8221;4.27.4&#8243; _module_preset=&#8221;default&#8221; header_font_size=&#8221;36px&#8221; header_2_font=&#8221;|800|||||||&#8221; header_2_text_color=&#8221;#FFFFFF&#8221; header_2_font_size=&#8221;39px&#8221; global_colors_info=&#8221;{}&#8221;]<\/p>\n<h2 style=\"text-align: center;\">Innovation Leaders Club<\/h2>\n<p>[\/et_pb_text][\/et_pb_column][\/et_pb_row][\/et_pb_section][et_pb_section fb_built=&#8221;1&#8243; module_id=&#8221;mm-two&#8221; _builder_version=&#8221;4.27.4&#8243; custom_padding=&#8221;0px|0px|0px|0px&#8221; border_width_top=&#8221;1px&#8221; border_color_top=&#8221;#f1f1f1&#8243; box_shadow_style=&#8221;preset1&#8243; box_shadow_vertical=&#8221;12px&#8221; locked=&#8221;off&#8221; global_colors_info=&#8221;{}&#8221;][et_pb_row column_structure=&#8221;1_2,1_2&#8243; _builder_version=&#8221;4.27.4&#8243; _module_preset=&#8221;default&#8221; global_colors_info=&#8221;{}&#8221;][et_pb_column type=&#8221;1_2&#8243; _builder_version=&#8221;4.27.4&#8243; _module_preset=&#8221;default&#8221; global_colors_info=&#8221;{}&#8221;][et_pb_blurb title=&#8221;Innovation Leaders Club&#8221; _builder_version=&#8221;4.27.4&#8243; _module_preset=&#8221;default&#8221; header_font=&#8221;&#8211;et_global_heading_font||||||||&#8221; header_text_color=&#8221;#0C71C3&#8243; header_font_size=&#8221;24px&#8221; body_font=&#8221;&#8211;et_global_body_font||||||||&#8221; body_text_color=&#8221;#0c1830&#8243; global_colors_info=&#8221;{}&#8221;]<\/p>\n<p><strong>Canada<\/strong><\/p>\n<ul>\n<li>Montr\u00e9al<\/li>\n<li>Qu\u00e9bec City<\/li>\n<li>Sherbrooke<\/li>\n<li><span style=\"font-family: var(--et_global_body_font),serif; font-size: 14px;\">Saguenay<\/span><\/li>\n<li><span style=\"font-family: var(--et_global_body_font),serif; font-size: 14px;\">Drummondville<\/span><\/li>\n<\/ul>\n<p><strong>United States<\/strong><\/p>\n<ul>\n<li>New York City<\/li>\n<\/ul>\n<p><strong>Europe<\/strong><\/p>\n<ul>\n<li>Paris<\/li>\n<\/ul>\n<p>[\/et_pb_blurb][\/et_pb_column][et_pb_column type=&#8221;1_2&#8243; _builder_version=&#8221;4.27.4&#8243; _module_preset=&#8221;default&#8221; global_colors_info=&#8221;{}&#8221;][et_pb_image src=&#8221;https:\/\/innovationleaders.club\/wp-content\/uploads\/2025\/01\/p2iva7gmTeLwD6hoItLI_7-Contact.webp&#8221; title_text=&#8221;p2iva7gmTeLwD6hoItLI_7-Contact&#8221; align=&#8221;center&#8221; _builder_version=&#8221;4.27.4&#8243; _module_preset=&#8221;default&#8221; width=&#8221;100%&#8221; module_alignment=&#8221;left&#8221; global_colors_info=&#8221;{}&#8221;][\/et_pb_image][et_pb_blurb use_icon=&#8221;on&#8221; font_icon=&#8221;&#xe081;||divi||400&#8243; icon_color=&#8221;#29465e&#8221; icon_placement=&#8221;left&#8221; image_icon_width=&#8221;17px&#8221; _builder_version=&#8221;4.27.4&#8243; body_font=&#8221;&#8211;et_global_body_font||||||||&#8221; body_text_color=&#8221;#000000&#8243; icon_font_size=&#8221;17px&#8221; global_colors_info=&#8221;{}&#8221;]<\/p>\n<p><strong>895 De la Gaucheti\u00e8re Ouest, P.O. Box 96542,<\/strong><br \/><strong>Central Station, Montreal, Quebec H3B 5J8<\/strong><br \/><strong>CANADA<\/strong><\/p>\n<p>[\/et_pb_blurb][et_pb_blurb use_icon=&#8221;on&#8221; font_icon=&#8221;&#xe090;||divi||400&#8243; icon_color=&#8221;#29465e&#8221; icon_placement=&#8221;left&#8221; image_icon_width=&#8221;17px&#8221; _builder_version=&#8221;4.27.4&#8243; body_text_color=&#8221;#000000&#8243; icon_font_size=&#8221;17px&#8221; global_colors_info=&#8221;{}&#8221;]<\/p>\n<p><small><strong><span class=\"texte-footer\">+01.514.375.2326 (GMT-5)<br \/>1.855.375.2326 (Canada &amp; USA only)<\/span><\/strong><\/small><\/p>\n<p>[\/et_pb_blurb][et_pb_blurb use_icon=&#8221;on&#8221; font_icon=&#8221;&#xe076;||divi||400&#8243; icon_color=&#8221;#29465e&#8221; icon_placement=&#8221;left&#8221; image_icon_width=&#8221;17px&#8221; _builder_version=&#8221;4.27.4&#8243; body_text_color=&#8221;#000000&#8243; hover_enabled=&#8221;0&#8243; icon_font_size=&#8221;17px&#8221; global_colors_info=&#8221;{}&#8221; sticky_enabled=&#8221;0&#8243;]<\/p>\n<p><strong><a href=\"mailto:info@innovationleaders.club\">info@innovationleaders.club<\/a><\/strong><\/p>\n<p>[\/et_pb_blurb][\/et_pb_column][\/et_pb_row][\/et_pb_section]<\/p>\n","protected":false},"excerpt":{"rendered":"<p>Innovation Leaders ClubCanada Montr\u00e9al Qu\u00e9bec City Sherbrooke Saguenay Drummondville United States New York City Europe Paris 895 De la Gaucheti\u00e8re Ouest, P.O. Box 96542,Central Station, Montreal, Quebec H3B 5J8CANADA+01.514.375.2326 (GMT-5)1.855.375.2326 (Canada &amp; USA only)info@innovationleaders.club<\/p>","protected":false},"author":1,"featured_media":0,"parent":0,"menu_order":0,"comment_status":"closed","ping_status":"closed","template":"","meta":{"_et_pb_use_builder":"on","_et_pb_old_content":"","_et_gb_content_width":"","footnotes":""},"class_list":["post-1535","page","type-page","status-publish","hentry"],"yoast_head":"<!-- This site is optimized with the Yoast SEO plugin v27.2 - https:\/\/yoast.com\/product\/yoast-seo-wordpress\/ -->\n<title>Contact - Innovation Leaders Club<\/title>\n<meta name=\"robots\" content=\"index, follow, max-snippet:-1, max-image-preview:large, max-video-preview:-1\" \/>\n<link rel=\"canonical\" href=\"https:\/\/innovationleaders.club\/fr\/contact\/\" \/>\n<meta property=\"og:locale\" content=\"fr_CA\" \/>\n<meta property=\"og:type\" content=\"article\" \/>\n<meta property=\"og:title\" content=\"Contact - Innovation Leaders Club\" \/>\n<meta property=\"og:description\" content=\"Innovation Leaders ClubCanada Montr\u00e9al Qu\u00e9bec City Sherbrooke Saguenay Drummondville United States New York City Europe Paris 895 De la Gaucheti\u00e8re Ouest, P.O. Box 96542,Central Station, Montreal, Quebec H3B 5J8CANADA+01.514.375.2326 (GMT-5)1.855.375.2326 (Canada &amp; USA only)info@innovationleaders.club\" \/>\n<meta property=\"og:url\" content=\"https:\/\/innovationleaders.club\/fr\/contact\/\" \/>\n<meta property=\"og:site_name\" content=\"Innovation Leaders Club\" \/>\n<meta property=\"article:modified_time\" content=\"2025-08-27T20:03:59+00:00\" \/>\n<meta name=\"twitter:card\" content=\"summary_large_image\" \/>\n<meta name=\"twitter:label1\" content=\"Estimation du temps de lecture\" \/>\n\t<meta name=\"twitter:data1\" content=\"2 minutes\" \/>\n<script type=\"application\/ld+json\" class=\"yoast-schema-graph\">{\"@context\":\"https:\/\/schema.org\",\"@graph\":[{\"@type\":\"WebPage\",\"@id\":\"https:\/\/innovationleaders.club\/contact\/\",\"url\":\"https:\/\/innovationleaders.club\/contact\/\",\"name\":\"Contact - Innovation Leaders Club\",\"isPartOf\":{\"@id\":\"https:\/\/innovationleaders.club\/#website\"},\"datePublished\":\"2025-03-14T11:37:01+00:00\",\"dateModified\":\"2025-08-27T20:03:59+00:00\",\"breadcrumb\":{\"@id\":\"https:\/\/innovationleaders.club\/contact\/#breadcrumb\"},\"inLanguage\":\"fr-CA\",\"potentialAction\":[{\"@type\":\"ReadAction\",\"target\":[\"https:\/\/innovationleaders.club\/contact\/\"]}]},{\"@type\":\"BreadcrumbList\",\"@id\":\"https:\/\/innovationleaders.club\/contact\/#breadcrumb\",\"itemListElement\":[{\"@type\":\"ListItem\",\"position\":1,\"name\":\"Home\",\"item\":\"https:\/\/innovationleaders.club\/\"},{\"@type\":\"ListItem\",\"position\":2,\"name\":\"Contact\"}]},{\"@type\":\"WebSite\",\"@id\":\"https:\/\/innovationleaders.club\/#website\",\"url\":\"https:\/\/innovationleaders.club\/\",\"name\":\"Innovation Leaders Club\",\"description\":\"\",\"potentialAction\":[{\"@type\":\"SearchAction\",\"target\":{\"@type\":\"EntryPoint\",\"urlTemplate\":\"https:\/\/innovationleaders.club\/?s={search_term_string}\"},\"query-input\":{\"@type\":\"PropertyValueSpecification\",\"valueRequired\":true,\"valueName\":\"search_term_string\"}}],\"inLanguage\":\"fr-CA\"}]}<\/script>\n<!-- \/ Yoast SEO plugin. -->","yoast_head_json":{"title":"Contact - Innovation Leaders Club","robots":{"index":"index","follow":"follow","max-snippet":"max-snippet:-1","max-image-preview":"max-image-preview:large","max-video-preview":"max-video-preview:-1"},"canonical":"https:\/\/innovationleaders.club\/fr\/contact\/","og_locale":"fr_CA","og_type":"article","og_title":"Contact - Innovation Leaders Club","og_description":"Innovation Leaders ClubCanada Montr\u00e9al Qu\u00e9bec City Sherbrooke Saguenay Drummondville United States New York City Europe Paris 895 De la Gaucheti\u00e8re Ouest, P.O. Box 96542,Central Station, Montreal, Quebec H3B 5J8CANADA+01.514.375.2326 (GMT-5)1.855.375.2326 (Canada &amp; USA only)info@innovationleaders.club","og_url":"https:\/\/innovationleaders.club\/fr\/contact\/","og_site_name":"Innovation Leaders Club","article_modified_time":"2025-08-27T20:03:59+00:00","twitter_card":"summary_large_image","twitter_misc":{"Estimation du temps de lecture":"2 minutes"},"schema":{"@context":"https:\/\/schema.org","@graph":[{"@type":"WebPage","@id":"https:\/\/innovationleaders.club\/contact\/","url":"https:\/\/innovationleaders.club\/contact\/","name":"Contact - Innovation Leaders Club","isPartOf":{"@id":"https:\/\/innovationleaders.club\/#website"},"datePublished":"2025-03-14T11:37:01+00:00","dateModified":"2025-08-27T20:03:59+00:00","breadcrumb":{"@id":"https:\/\/innovationleaders.club\/contact\/#breadcrumb"},"inLanguage":"fr-CA","potentialAction":[{"@type":"ReadAction","target":["https:\/\/innovationleaders.club\/contact\/"]}]},{"@type":"BreadcrumbList","@id":"https:\/\/innovationleaders.club\/contact\/#breadcrumb","itemListElement":[{"@type":"ListItem","position":1,"name":"Home","item":"https:\/\/innovationleaders.club\/"},{"@type":"ListItem","position":2,"name":"Contact"}]},{"@type":"WebSite","@id":"https:\/\/innovationleaders.club\/#website","url":"https:\/\/innovationleaders.club\/","name":"Cercle des leaders de l'innovation","description":"","potentialAction":[{"@type":"SearchAction","target":{"@type":"EntryPoint","urlTemplate":"https:\/\/innovationleaders.club\/?s={search_term_string}"},"query-input":{"@type":"PropertyValueSpecification","valueRequired":true,"valueName":"search_term_string"}}],"inLanguage":"fr-CA"}]}},"_links":{"self":[{"href":"https:\/\/innovationleaders.club\/fr\/wp-json\/wp\/v2\/pages\/1535","targetHints":{"allow":["GET"]}}],"collection":[{"href":"https:\/\/innovationleaders.club\/fr\/wp-json\/wp\/v2\/pages"}],"about":[{"href":"https:\/\/innovationleaders.club\/fr\/wp-json\/wp\/v2\/types\/page"}],"author":[{"embeddable":true,"href":"https:\/\/innovationleaders.club\/fr\/wp-json\/wp\/v2\/users\/1"}],"replies":[{"embeddable":true,"href":"https:\/\/innovationleaders.club\/fr\/wp-json\/wp\/v2\/comments?post=1535"}],"version-history":[{"count":2,"href":"https:\/\/innovationleaders.club\/fr\/wp-json\/wp\/v2\/pages\/1535\/revisions"}],"predecessor-version":[{"id":2325,"href":"https:\/\/innovationleaders.club\/fr\/wp-json\/wp\/v2\/pages\/1535\/revisions\/2325"}],"wp:attachment":[{"href":"https:\/\/innovationleaders.club\/fr\/wp-json\/wp\/v2\/media?parent=1535"}],"curies":[{"name":"wp","href":"https:\/\/api.w.org\/{rel}","templated":true}]}}